{"id":190,"date":"2020-03-15T21:28:25","date_gmt":"2020-03-15T20:28:25","guid":{"rendered":"http:\/\/batypique.fr\/?page_id=190"},"modified":"2020-07-08T07:53:52","modified_gmt":"2020-07-08T05:53:52","slug":"esprit","status":"publish","type":"page","link":"https:\/\/batypique.fr\/?page_id=190","title":{"rendered":"Esprit"},"content":{"rendered":"\t\t<div data-elementor-type=\"wp-page\" data-elementor-id=\"190\" class=\"elementor elementor-190\">\n\t\t\t\t\t\t<div class=\"elementor-inner\">\n\t\t\t\t<div class=\"elementor-section-wrap\">\n\t\t\t\t\t\t\t\t\t<section class=\"elementor-section elementor-top-section elementor-element elementor-element-67e26b1 elementor-section-stretched elementor-section-boxed elementor-section-height-default elementor-section-height-default\" data-id=\"67e26b1\" data-element_type=\"section\" data-settings=\"{&quot;stretch_section&quot;:&quot;section-stretched&quot;}\">\n\t\t\t\t\t\t<div class=\"elementor-container elementor-column-gap-default\">\n\t\t\t\t\t\t\t<div class=\"elementor-row\">\n\t\t\t\t\t<div class=\"elementor-column elementor-col-100 elementor-top-column elementor-element elementor-element-bd8028e\" data-id=\"bd8028e\" data-element_type=\"column\">\n\t\t\t<div class=\"elementor-column-wrap elementor-element-populated\">\n\t\t\t\t\t\t\t<div class=\"elementor-widget-wrap\">\n\t\t\t\t\t\t<section class=\"elementor-section elementor-inner-section elementor-element elementor-element-8fb47aa elementor-section-boxed elementor-section-height-default elementor-section-height-default\" data-id=\"8fb47aa\" data-element_type=\"section\">\n\t\t\t\t\t\t<div class=\"elementor-container elementor-column-gap-default\">\n\t\t\t\t\t\t\t<div class=\"elementor-row\">\n\t\t\t\t\t<div class=\"elementor-column elementor-col-33 elementor-inner-column elementor-element elementor-element-059e3d1\" data-id=\"059e3d1\" data-element_type=\"column\">\n\t\t\t<div class=\"elementor-column-wrap elementor-element-populated\">\n\t\t\t\t\t\t\t<div class=\"elementor-widget-wrap\">\n\t\t\t\t\t\t<div class=\"elementor-element elementor-element-b25ce61 elementor-widget elementor-widget-heading\" data-id=\"b25ce61\" data-element_type=\"widget\" data-widget_type=\"heading.default\">\n\t\t\t\t<div class=\"elementor-widget-container\">\n\t\t\t<h2 class=\"elementor-heading-title elementor-size-default\">Qui suis-je ?<\/h2>\t\t<\/div>\n\t\t\t\t<\/div>\n\t\t\t\t<div class=\"elementor-element elementor-element-cd20622 elementor-widget elementor-widget-text-editor\" data-id=\"cd20622\" data-element_type=\"widget\" data-widget_type=\"text-editor.default\">\n\t\t\t\t<div class=\"elementor-widget-container\">\n\t\t\t\t\t\t\t\t<div class=\"elementor-text-editor elementor-clearfix\">\n\t\t\t\t<p><img loading=\"lazy\" decoding=\"async\" class=\"size-full wp-image-199 alignnone\" src=\"https:\/\/batypique.fr\/wp-content\/uploads\/2020\/03\/photo-2019-bl3-2-300x225-1.png\" alt=\"\" width=\"236\" height=\"178\" \/><br \/><span style=\"color: #55bec5;\"><b> B\u00e9atrice Laurentin<\/b><\/span><br \/>Boosteuse de talent<\/p><p>J&rsquo;ai eu des responsabilit\u00e9s RH et formations pendant plus de 10 ans. Puis J\u2019ai fond\u00e9 Batypique en 2018 pour concevoir et d\u00e9ployer des accompagnements individuels sur mesure en m\u2019attachant \u00e0 accompagner les personnes dans la valorisation de leur singularit\u00e9 avec des outils ludiques et pragmatiques.<\/p><p><b><span style=\"color: #55bec5;\">Dipl\u00f4mes<\/span><\/b><\/p><ul><li>Expert praticien en Psychologie Positive \u2013 Positran<\/li><li>Master\u00a01\u00a0: formation ing\u00e9nierie p\u00e9dagogique multim\u00e9dia<\/li><li>Coach certifi\u00e9e \u2013 Conservatoire des Arts et M\u00e9tiers<\/li><li>Intervention syst\u00e9mique &#8211; \u00c9cole du paradoxe<\/li><li>Master\u00a02\u00a0: formation et ing\u00e9nierie des comp\u00e9tences<\/li><li>Ma\u00eetrise de sociologie, Universit\u00e9 de Bordeaux-II<\/li><\/ul>\t\t\t\t\t<\/div>\n\t\t\t\t\t\t<\/div>\n\t\t\t\t<\/div>\n\t\t\t\t\t\t<\/div>\n\t\t\t\t\t<\/div>\n\t\t<\/div>\n\t\t\t\t<div class=\"elementor-column elementor-col-66 elementor-inner-column elementor-element elementor-element-0113c26\" data-id=\"0113c26\" data-element_type=\"column\" data-settings=\"{&quot;background_background&quot;:&quot;classic&quot;}\">\n\t\t\t<div class=\"elementor-column-wrap elementor-element-populated\">\n\t\t\t\t\t\t\t<div class=\"elementor-widget-wrap\">\n\t\t\t\t\t\t<div class=\"elementor-element elementor-element-bf2e1d9 elementor-widget elementor-widget-heading\" data-id=\"bf2e1d9\" data-element_type=\"widget\" data-widget_type=\"heading.default\">\n\t\t\t\t<div class=\"elementor-widget-container\">\n\t\t\t<h2 class=\"elementor-heading-title elementor-size-default\">Principes fondateurs<\/h2>\t\t<\/div>\n\t\t\t\t<\/div>\n\t\t\t\t<div class=\"elementor-element elementor-element-6c1418c elementor-widget elementor-widget-text-editor\" data-id=\"6c1418c\" data-element_type=\"widget\" data-widget_type=\"text-editor.default\">\n\t\t\t\t<div class=\"elementor-widget-container\">\n\t\t\t\t\t\t\t\t<div class=\"elementor-text-editor elementor-clearfix\">\n\t\t\t\t<p>Ma d\u00e9marche est pluridisciplinaire: conseil, conception p\u00e9dagogique, accompagnement individuel et collectif sur mesure.<\/p>\n<p>Ma vision s\u2019ancre autour de la valorisation du potentiel Humain dans les organisations pour donner de la plus-value et du sens \u00e0 l\u2019action<\/p>\n<p>Mon attitude est r\u00e9solument pragmatique&nbsp;: savoir r\u00e9aliser les projets avec les \u00e9quipes en place en identifiant les singularit\u00e9s de l\u2019organisation pour permettre d\u2019apporter des solutions pertinentes et stimulantes.<\/p>\n<p>Mes r\u00e9f\u00e9rentiels sont : l\u2019andragogie, l\u2019intervention syst\u00e9mique, la m\u00e9diation singuli\u00e8re, la psychologie positive et mon int\u00e9r\u00eat pour l\u2019Autre.<\/p>\t\t\t\t\t<\/div>\n\t\t\t\t\t\t<\/div>\n\t\t\t\t<\/div>\n\t\t\t\t\t\t<\/div>\n\t\t\t\t\t<\/div>\n\t\t<\/div>\n\t\t\t\t\t\t\t\t<\/div>\n\t\t\t\t\t<\/div>\n\t\t<\/section>\n\t\t\t\t\t\t<\/div>\n\t\t\t\t\t<\/div>\n\t\t<\/div>\n\t\t\t\t\t\t\t\t<\/div>\n\t\t\t\t\t<\/div>\n\t\t<\/section>\n\t\t\t\t\t\t\t\t\t<\/div>\n\t\t\t<\/div>\n\t\t\t\t\t<\/div>\n\t\t","protected":false},"excerpt":{"rendered":"<p>Qui suis-je ? B\u00e9atrice LaurentinBoosteuse de talent J&rsquo;ai eu des responsabilit\u00e9s RH et formations pendant plus de 10 ans. Puis J\u2019ai fond\u00e9 Batypique en 2018 pour concevoir et d\u00e9ployer des accompagnements individuels sur mesure en m\u2019attachant \u00e0 accompagner les personnes dans la valorisation de leur singularit\u00e9 avec des outils ludiques et pragmatiques. Dipl\u00f4mes Expert praticien &hellip; <\/p>\n<p class=\"link-more\"><a href=\"https:\/\/batypique.fr\/?page_id=190\" class=\"more-link\">Continuer la lecture<span class=\"screen-reader-text\"> de &laquo;&nbsp;Esprit&nbsp;&raquo;<\/span><\/a><\/p>\n","protected":false},"author":1,"featured_media":0,"parent":0,"menu_order":0,"comment_status":"closed","ping_status":"closed","template":"","meta":{"footnotes":""},"_links":{"self":[{"href":"https:\/\/batypique.fr\/index.php?rest_route=\/wp\/v2\/pages\/190"}],"collection":[{"href":"https:\/\/batypique.fr\/index.php?rest_route=\/wp\/v2\/pages"}],"about":[{"href":"https:\/\/batypique.fr\/index.php?rest_route=\/wp\/v2\/types\/page"}],"author":[{"embeddable":true,"href":"https:\/\/batypique.fr\/index.php?rest_route=\/wp\/v2\/users\/1"}],"replies":[{"embeddable":true,"href":"https:\/\/batypique.fr\/index.php?rest_route=%2Fwp%2Fv2%2Fcomments&post=190"}],"version-history":[{"count":26,"href":"https:\/\/batypique.fr\/index.php?rest_route=\/wp\/v2\/pages\/190\/revisions"}],"predecessor-version":[{"id":567,"href":"https:\/\/batypique.fr\/index.php?rest_route=\/wp\/v2\/pages\/190\/revisions\/567"}],"wp:attachment":[{"href":"https:\/\/batypique.fr\/index.php?rest_route=%2Fwp%2Fv2%2Fmedia&parent=190"}],"curies":[{"name":"wp","href":"https:\/\/api.w.org\/{rel}","templated":true}]}}