{"id":94,"date":"2020-03-13T10:16:32","date_gmt":"2020-03-13T09:16:32","guid":{"rendered":"http:\/\/batypique.fr\/?page_id=94"},"modified":"2025-10-22T18:28:51","modified_gmt":"2025-10-22T16:28:51","slug":"batypique","status":"publish","type":"page","link":"https:\/\/batypique.fr\/","title":{"rendered":"Connectez vous \u00e0 vos talents"},"content":{"rendered":"\t\t<div data-elementor-type=\"wp-post\" data-elementor-id=\"94\" class=\"elementor elementor-94\">\n\t\t\t\t\t\t<div class=\"elementor-inner\">\n\t\t\t\t<div class=\"elementor-section-wrap\">\n\t\t\t\t\t\t\t\t\t<section class=\"elementor-section elementor-top-section elementor-element elementor-element-edb95cb elementor-section-full_width elementor-section-height-default elementor-section-height-default\" data-id=\"edb95cb\" data-element_type=\"section\">\n\t\t\t\t\t\t<div class=\"elementor-container elementor-column-gap-default\">\n\t\t\t\t\t\t\t<div class=\"elementor-row\">\n\t\t\t\t\t<div class=\"elementor-column elementor-col-100 elementor-top-column elementor-element elementor-element-7e402a5\" data-id=\"7e402a5\" data-element_type=\"column\">\n\t\t\t<div class=\"elementor-column-wrap elementor-element-populated\">\n\t\t\t\t\t\t\t<div class=\"elementor-widget-wrap\">\n\t\t\t\t\t\t<div class=\"elementor-element elementor-element-7a8721d elementor-arrows-position-inside elementor-widget elementor-widget-image-carousel\" data-id=\"7a8721d\" data-element_type=\"widget\" data-settings=\"{&quot;slides_to_show&quot;:&quot;1&quot;,&quot;navigation&quot;:&quot;arrows&quot;,&quot;autoplay&quot;:&quot;yes&quot;,&quot;pause_on_hover&quot;:&quot;yes&quot;,&quot;pause_on_interaction&quot;:&quot;yes&quot;,&quot;autoplay_speed&quot;:5000,&quot;infinite&quot;:&quot;yes&quot;,&quot;effect&quot;:&quot;slide&quot;,&quot;speed&quot;:500}\" data-widget_type=\"image-carousel.default\">\n\t\t\t\t<div class=\"elementor-widget-container\">\n\t\t\t\t\t<div class=\"elementor-image-carousel-wrapper swiper-container\" dir=\"ltr\">\n\t\t\t<div class=\"elementor-image-carousel swiper-wrapper\">\n\t\t\t\t\t\t\t\t<div class=\"swiper-slide\"><figure class=\"swiper-slide-inner\"><img decoding=\"async\" class=\"swiper-slide-image\" src=\"https:\/\/batypique.fr\/wp-content\/uploads\/2020\/05\/ballons-e1588948398830.jpg\" alt=\"ballons\" \/><\/figure><\/div><div class=\"swiper-slide\"><figure class=\"swiper-slide-inner\"><img decoding=\"async\" class=\"swiper-slide-image\" src=\"https:\/\/batypique.fr\/wp-content\/uploads\/2020\/05\/20180623_180702-002-768x576.jpg\" alt=\"20180623_180702 (002)\" \/><\/figure><\/div><div class=\"swiper-slide\"><figure class=\"swiper-slide-inner\"><img decoding=\"async\" class=\"swiper-slide-image\" src=\"https:\/\/batypique.fr\/wp-content\/uploads\/2020\/05\/black-and-white-nature-flowers-414184-768x512.jpg\" alt=\"black-and-white-nature-flowers-414184\" \/><\/figure><\/div>\t\t\t<\/div>\n\t\t\t\t\t\t\t\t\t\t\t\t\t\t\t\t<div class=\"elementor-swiper-button elementor-swiper-button-prev\">\n\t\t\t\t\t\t<i aria-hidden=\"true\" class=\"eicon-chevron-left\"><\/i>\t\t\t\t\t\t<span class=\"elementor-screen-only\">Pr\u00e9c\u00e9dent<\/span>\n\t\t\t\t\t<\/div>\n\t\t\t\t\t<div class=\"elementor-swiper-button elementor-swiper-button-next\">\n\t\t\t\t\t\t<i aria-hidden=\"true\" class=\"eicon-chevron-right\"><\/i>\t\t\t\t\t\t<span class=\"elementor-screen-only\">Suivant<\/span>\n\t\t\t\t\t<\/div>\n\t\t\t\t\t\t\t\t\t<\/div>\n\t\t\t\t<\/div>\n\t\t\t\t<\/div>\n\t\t\t\t\t\t<\/div>\n\t\t\t\t\t<\/div>\n\t\t<\/div>\n\t\t\t\t\t\t\t\t<\/div>\n\t\t\t\t\t<\/div>\n\t\t<\/section>\n\t\t\t\t<section class=\"elementor-section elementor-top-section elementor-element elementor-element-896ffc3 elementor-section-full_width elementor-section-content-top elementor-section-height-default elementor-section-height-default\" data-id=\"896ffc3\" data-element_type=\"section\" data-settings=\"{&quot;background_background&quot;:&quot;classic&quot;}\">\n\t\t\t\t\t\t<div class=\"elementor-container elementor-column-gap-wide\">\n\t\t\t\t\t\t\t<div class=\"elementor-row\">\n\t\t\t\t\t<div class=\"elementor-column elementor-col-100 elementor-top-column elementor-element elementor-element-a2d5af5\" data-id=\"a2d5af5\" data-element_type=\"column\">\n\t\t\t<div class=\"elementor-column-wrap elementor-element-populated\">\n\t\t\t\t\t\t\t<div class=\"elementor-widget-wrap\">\n\t\t\t\t\t\t<div class=\"elementor-element elementor-element-c7c3a88 elementor-widget elementor-widget-text-editor\" data-id=\"c7c3a88\" data-element_type=\"widget\" data-widget_type=\"text-editor.default\">\n\t\t\t\t<div class=\"elementor-widget-container\">\n\t\t\t\t\t\t\t\t<div class=\"elementor-text-editor elementor-clearfix\">\n\t\t\t\t<p style=\"font-size: 2em; margin: 0px; line-height: 1.1em;\">Bonjour et bienvenue,<\/p><h1 style=\"margin: 0px;\">Nous vivons une \u00e9poque singuli\u00e8re qui vient bouleverser nos certitudes et nos habitudes.<br \/>Beaucoup s\u2019interrogent sur le sens de leur vie<b> et r\u00eavent de s\u2019inventer un nouveau chemin professionnel. <\/b><br \/>Je vous propose <b>des coachings en individuel<\/b>, allez visiter mon offre.<br \/>Syst\u00e9matiquement, vous trouverez <b>un accompagnement sur mesure, respectueux de votre singularit\u00e9 et pragmatique <\/b>vous permettant d\u2019initier les petits pas d\u2019un changement positif.<\/h1><h4>Quelques r\u00e9f\u00e9rences\u00a0\u00a0\u00a0\u00a0\u00a0<img loading=\"lazy\" decoding=\"async\" class=\"alignnone wp-image-610\" src=\"https:\/\/batypique.fr\/wp-content\/uploads\/2021\/01\/Capture2-300x80.jpg\" alt=\"\" width=\"367\" height=\"99\" srcset=\"https:\/\/batypique.fr\/wp-content\/uploads\/2021\/01\/Capture2-300x80.jpg 300w, https:\/\/batypique.fr\/wp-content\/uploads\/2021\/01\/Capture2-768x205.jpg 768w, https:\/\/batypique.fr\/wp-content\/uploads\/2021\/01\/Capture2.jpg 778w\" sizes=\"(max-width: 367px) 100vw, 367px\" \/><\/h4>\t\t\t\t\t<\/div>\n\t\t\t\t\t\t<\/div>\n\t\t\t\t<\/div>\n\t\t\t\t\t\t<\/div>\n\t\t\t\t\t<\/div>\n\t\t<\/div>\n\t\t\t\t\t\t\t\t<\/div>\n\t\t\t\t\t<\/div>\n\t\t<\/section>\n\t\t\t\t<section class=\"elementor-section elementor-top-section elementor-element elementor-element-d92e0aa elementor-section-boxed elementor-section-height-default elementor-section-height-default\" data-id=\"d92e0aa\" data-element_type=\"section\">\n\t\t\t\t\t\t<div class=\"elementor-container elementor-column-gap-default\">\n\t\t\t\t\t\t\t<div class=\"elementor-row\">\n\t\t\t\t\t<div class=\"elementor-column elementor-col-100 elementor-top-column elementor-element elementor-element-03628b1\" data-id=\"03628b1\" data-element_type=\"column\">\n\t\t\t<div class=\"elementor-column-wrap\">\n\t\t\t\t\t\t\t<div class=\"elementor-widget-wrap\">\n\t\t\t\t\t\t\t\t<\/div>\n\t\t\t\t\t<\/div>\n\t\t<\/div>\n\t\t\t\t\t\t\t\t<\/div>\n\t\t\t\t\t<\/div>\n\t\t<\/section>\n\t\t\t\t\t\t\t\t\t<\/div>\n\t\t\t<\/div>\n\t\t\t\t\t<\/div>\n\t\t","protected":false},"excerpt":{"rendered":"<p>Pr\u00e9c\u00e9dent Suivant Bonjour et bienvenue, Nous vivons une \u00e9poque singuli\u00e8re qui vient bouleverser nos certitudes et nos habitudes.Beaucoup s\u2019interrogent sur le sens de leur vie et r\u00eavent de s\u2019inventer un nouveau chemin professionnel. Je vous propose des coachings en individuel, allez visiter mon offre.Syst\u00e9matiquement, vous trouverez un accompagnement sur mesure, respectueux de votre singularit\u00e9 et &hellip; <\/p>\n<p class=\"link-more\"><a href=\"https:\/\/batypique.fr\/\" class=\"more-link\">Continuer la lecture<span class=\"screen-reader-text\"> de &laquo;&nbsp;Connectez vous \u00e0 vos talents&nbsp;&raquo;<\/span><\/a><\/p>\n","protected":false},"author":1,"featured_media":0,"parent":0,"menu_order":0,"comment_status":"closed","ping_status":"closed","template":"elementor_header_footer","meta":{"footnotes":""},"_links":{"self":[{"href":"https:\/\/batypique.fr\/index.php?rest_route=\/wp\/v2\/pages\/94"}],"collection":[{"href":"https:\/\/batypique.fr\/index.php?rest_route=\/wp\/v2\/pages"}],"about":[{"href":"https:\/\/batypique.fr\/index.php?rest_route=\/wp\/v2\/types\/page"}],"author":[{"embeddable":true,"href":"https:\/\/batypique.fr\/index.php?rest_route=\/wp\/v2\/users\/1"}],"replies":[{"embeddable":true,"href":"https:\/\/batypique.fr\/index.php?rest_route=%2Fwp%2Fv2%2Fcomments&post=94"}],"version-history":[{"count":153,"href":"https:\/\/batypique.fr\/index.php?rest_route=\/wp\/v2\/pages\/94\/revisions"}],"predecessor-version":[{"id":623,"href":"https:\/\/batypique.fr\/index.php?rest_route=\/wp\/v2\/pages\/94\/revisions\/623"}],"wp:attachment":[{"href":"https:\/\/batypique.fr\/index.php?rest_route=%2Fwp%2Fv2%2Fmedia&parent=94"}],"curies":[{"name":"wp","href":"https:\/\/api.w.org\/{rel}","templated":true}]}}